{"id":6599,"date":"2020-03-17T15:04:50","date_gmt":"2020-03-17T13:04:50","guid":{"rendered":"https:\/\/saulesmiestas.lt\/koncertai-terasoje\/"},"modified":"2026-04-16T14:41:07","modified_gmt":"2026-04-16T11:41:07","slug":"events","status":"publish","type":"page","link":"https:\/\/saulesmiestas.lt\/en\/events\/","title":{"rendered":"Events"},"content":{"rendered":"<p>\u0160iuo metu planuojami nauji renginiai m\u016bs\u0173 mieloje Terasoje.\u00a0 Laukite naujien\u0173 \ud83d\ude42<\/p>\n<p><a href=\"https:\/\/saulesmiestas.lt\/wp-content\/uploads\/2020\/06\/www-cover.jpg\" rel=\"lightbox[6599]\"><img loading=\"lazy\" class=\"alignnone size-full wp-image-4559\" src=\"https:\/\/saulesmiestas.lt\/wp-content\/uploads\/2020\/06\/www-cover.jpg\" alt=\"\" width=\"1920\" height=\"720\" srcset=\"https:\/\/saulesmiestas.lt\/wp-content\/uploads\/2020\/06\/www-cover.jpg 1920w, https:\/\/saulesmiestas.lt\/wp-content\/uploads\/2020\/06\/www-cover-240x90.jpg 240w, https:\/\/saulesmiestas.lt\/wp-content\/uploads\/2020\/06\/www-cover-80x30.jpg 80w\" sizes=\"(max-width: 1920px) 100vw, 1920px\" \/><\/a><\/p>\n","protected":false},"excerpt":{"rendered":"<p>\u0160iuo metu planuojami nauji renginiai m\u016bs\u0173 mieloje Terasoje.\u00a0 Laukite naujien\u0173 \ud83d\ude42<\/p>\n","protected":false},"author":1,"featured_media":0,"parent":0,"menu_order":0,"comment_status":"closed","ping_status":"closed","template":"page-renginiai.php","meta":{"_expiration-date-status":"","_expiration-date":0,"_expiration-date-type":"","_expiration-date-categories":[],"_expiration-date-options":[]},"acf":[],"yoast_head":"<!-- This site is optimized with the Yoast SEO plugin v14.9 - https:\/\/yoast.com\/wordpress\/plugins\/seo\/ -->\n<meta name=\"robots\" content=\"index, follow, max-snippet:-1, max-image-preview:large, max-video-preview:-1\" \/>\n<link rel=\"canonical\" href=\"https:\/\/saulesmiestas.lt\/en\/events\/\" \/>\n<meta property=\"og:locale\" content=\"en_US\" \/>\n<meta property=\"og:type\" content=\"article\" \/>\n<meta property=\"og:title\" content=\"Events - Saulesmiestas.lt\" \/>\n<meta property=\"og:description\" content=\"\u0160iuo metu planuojami nauji renginiai m\u016bs\u0173 mieloje Terasoje.\u00a0 Laukite naujien\u0173 \ud83d\ude42\" \/>\n<meta property=\"og:url\" content=\"https:\/\/saulesmiestas.lt\/en\/events\/\" \/>\n<meta property=\"og:site_name\" content=\"Saulesmiestas.lt\" \/>\n<meta property=\"article:modified_time\" content=\"2026-04-16T11:41:07+00:00\" \/>\n<meta property=\"og:image\" content=\"https:\/\/saulesmiestas.lt\/wp-content\/uploads\/2020\/06\/www-cover.jpg\" \/>\n<meta name=\"twitter:card\" content=\"summary_large_image\" \/>\n<script type=\"application\/ld+json\" class=\"yoast-schema-graph\">{\"@context\":\"https:\/\/schema.org\",\"@graph\":[{\"@type\":\"WebSite\",\"@id\":\"https:\/\/saulesmiestas.lt\/en\/#website\",\"url\":\"https:\/\/saulesmiestas.lt\/en\/\",\"name\":\"Saulesmiestas.lt\",\"description\":\"Jaukios kavin\\u0117s ir restoranai m\\u0117gstantiems ger\\u0105 maist\\u0105 ir smagi\\u0105 draugij\\u0105, la\\u017eyb\\u0173 biuras azarti\\u0161kiems, gro\\u017eio paslaugos tobulinantiems savo i\\u0161vaizd\\u0105.\",\"potentialAction\":[{\"@type\":\"SearchAction\",\"target\":\"https:\/\/saulesmiestas.lt\/en\/?s={search_term_string}\",\"query-input\":\"required name=search_term_string\"}],\"inLanguage\":\"en-US\"},{\"@type\":\"ImageObject\",\"@id\":\"https:\/\/saulesmiestas.lt\/en\/events\/#primaryimage\",\"inLanguage\":\"en-US\",\"url\":\"https:\/\/saulesmiestas.lt\/wp-content\/uploads\/2020\/06\/www-cover.jpg\",\"width\":1920,\"height\":720},{\"@type\":\"WebPage\",\"@id\":\"https:\/\/saulesmiestas.lt\/en\/events\/#webpage\",\"url\":\"https:\/\/saulesmiestas.lt\/en\/events\/\",\"name\":\"Events - Saulesmiestas.lt\",\"isPartOf\":{\"@id\":\"https:\/\/saulesmiestas.lt\/en\/#website\"},\"primaryImageOfPage\":{\"@id\":\"https:\/\/saulesmiestas.lt\/en\/events\/#primaryimage\"},\"datePublished\":\"2020-03-17T13:04:50+00:00\",\"dateModified\":\"2026-04-16T11:41:07+00:00\",\"inLanguage\":\"en-US\",\"potentialAction\":[{\"@type\":\"ReadAction\",\"target\":[\"https:\/\/saulesmiestas.lt\/en\/events\/\"]}]}]}<\/script>\n<!-- \/ Yoast SEO plugin. -->","_links":{"self":[{"href":"https:\/\/saulesmiestas.lt\/en\/wp-json\/wp\/v2\/pages\/6599"}],"collection":[{"href":"https:\/\/saulesmiestas.lt\/en\/wp-json\/wp\/v2\/pages"}],"about":[{"href":"https:\/\/saulesmiestas.lt\/en\/wp-json\/wp\/v2\/types\/page"}],"author":[{"embeddable":true,"href":"https:\/\/saulesmiestas.lt\/en\/wp-json\/wp\/v2\/users\/1"}],"replies":[{"embeddable":true,"href":"https:\/\/saulesmiestas.lt\/en\/wp-json\/wp\/v2\/comments?post=6599"}],"version-history":[{"count":4,"href":"https:\/\/saulesmiestas.lt\/en\/wp-json\/wp\/v2\/pages\/6599\/revisions"}],"predecessor-version":[{"id":17239,"href":"https:\/\/saulesmiestas.lt\/en\/wp-json\/wp\/v2\/pages\/6599\/revisions\/17239"}],"wp:attachment":[{"href":"https:\/\/saulesmiestas.lt\/en\/wp-json\/wp\/v2\/media?parent=6599"}],"curies":[{"name":"wp","href":"https:\/\/api.w.org\/{rel}","templated":true}]}}