{"id":6422,"date":"2020-03-26T19:47:03","date_gmt":"2020-03-26T19:47:03","guid":{"rendered":"https:\/\/saulesmiestas.lt\/svetaines-privatumo-politika\/"},"modified":"2020-08-11T15:18:28","modified_gmt":"2020-08-11T12:18:28","slug":"svetaines-privatumo-politika","status":"publish","type":"page","link":"https:\/\/saulesmiestas.lt\/en\/svetaines-privatumo-politika\/","title":{"rendered":"Privacy Policy"},"content":{"rendered":"<p>We are sorry, but cookie policy and Privacy Policy we have only in Lithuanian language.<\/p>\n<p style=\"text-align: center;\"><span style=\"font-size: 12px;\"><strong>DUOMEN\u0172 VALDYTOJO SAUL\u0116S MIESTAS, UAB,<\/strong><\/span><br \/>\n<span style=\"font-size: 12px;\"><strong>VEIKIAN\u010cIO ADRESU TIL\u017d\u0116S G. 109, LT-77159 \u0160IAULIAI, \u012eMON\u0116S KODAS 300073193<\/strong><\/span><br \/>\n<span style=\"font-size: 12px;\"><strong>SVETAIN\u0116S PRIVATUMO POLITIKA<\/strong><\/span><\/p>\n<p style=\"text-align: right;\"><span style=\"font-size: 12px;\">PATVIRTINTA<\/span><br \/>\n<span style=\"font-size: 12px;\">Saul\u0117s miestas, UAB<\/span><br \/>\n<span style=\"font-size: 12px;\">generalin\u0117s direktor\u0117s<\/span><br \/>\n<span style=\"font-size: 12px;\">2018 m. gegu\u017e\u0117s 18 d.<\/span><br \/>\n<span style=\"font-size: 12px;\">\u012fsakymu Nr. BV-11<\/span><\/p>\n<p style=\"text-align: left;\"><span style=\"font-size: 12px;\"><strong>1. BENDROSIOS NUOSTATOS<\/strong><\/span><\/p>\n<p style=\"text-align: left;\"><span style=\"font-size: 12px;\">1.1. \u0160i privatumo politika (toliau \u2013 Politika) reglamentuoja Saul\u0117s miestas, UAB, veikian\u010dio adresu Til\u017e\u0117s g. 109, LT-77159 \u0160iauliai, ir kurios \u012fmon\u0117s kodas yra 300073193 (toliau \u2013 Duomen\u0173 valdytojas), vykdomo asmens duomen\u0173 tvarkymo principus ir tvark\u0105 bei Duomen\u0173 valdytojo valdomos interneto svetain\u0117s https:\/\/www.saulesmiestas.lt (toliau \u2013 Interneto svetain\u0117) veikimo s\u0105lygas.<\/span><br \/>\n<span style=\"font-size: 12px;\">1.2. Duomen\u0173 subjektu \u0161ioje Politikoje laikomas bet koks fizinis asmuo, kurio asmens duomenis tvarko Duomen\u0173 valdytojas.<\/span><br \/>\n<span style=\"font-size: 12px;\">1.3. Duomen\u0173 valdytojas u\u017etikrina, kad priimdamas ir \u012fgyvendindamas \u0161i\u0105 Politik\u0105 siekia \u012fgyvendinti \u0161iuos esminius su asmens duomen\u0173 tvarkymu susijusius principus:<\/span><br \/>\n<span style=\"font-size: 12px;\">(a) Siekiama, kad asmens duomenys Duomen\u0173 subjekto at\u017evilgiu b\u016bt\u0173 tvarkomi teis\u0117tu, s\u0105\u017einingu ir skaidriu b\u016bdu (teis\u0117tumo, s\u0105\u017einingumo ir skaidrumo principas);<\/span><br \/>\n<span style=\"font-size: 12px;\">(b) Siekiama, kad asmens duomenys b\u016bt\u0173 renkami nustatytais, ai\u0161kiai apibr\u0117\u017etais bei teis\u0117tais tikslais ir toliau netvarkomi su tais tikslais nesuderinamu b\u016bdu; tolesnis asmens duomen\u0173 tvarkymas archyvavimo tikslais vie\u0161ojo intereso labui, mokslini\u0173 ar istorini\u0173 tyrim\u0173 tikslais arba statistiniais tikslais n\u0117ra laikomas nesuderinamu su pirminiais tikslais (tikslo apribojimo principas);<\/span><br \/>\n<span style=\"font-size: 12px;\">(c) Siekiama, kad asmens duomenys b\u016bt\u0173 adekvat\u016bs, tinkami ir tik tokie, kuri\u0173 reikia siekiant tiksl\u0173, d\u0117l kuri\u0173 jie tvarkomi (duomen\u0173 kiekio ma\u017einimo principas);<\/span><br \/>\n<span style=\"font-size: 12px;\">(d) Siekiama ir dedamos pastangos, kad asmens duomenys b\u016bt\u0173 tiksl\u016bs ir esant poreikiui per proting\u0105 termin\u0105 nuo pasikeitimo fakto b\u016bt\u0173 atnaujinami; siekiama imtis vis\u0173 pagr\u012fst\u0173 priemoni\u0173 u\u017etikrinti, kad asmens duomenys, kurie n\u0117ra tiksl\u016bs, atsi\u017evelgiant \u012f j\u0173 tvarkymo tikslus, b\u016bt\u0173 nedelsiant i\u0161trinami arba per proting\u0105 termin\u0105 i\u0161taisomi (tikslumo principas);<\/span><br \/>\n<span style=\"font-size: 12px;\">(e) Siekiama, kad asmens duomenys b\u016bt\u0173 laikomi tokia forma, kad Duomen\u0173 subjekt\u0173 tapatyb\u0119 b\u016bt\u0173 galima nustatyti ne ilgiau, nei tai yra b\u016btina tais tikslais, kuriais asmens duomenys yra tvarkomi; asmens duomenis galima saugoti ilgesnius laikotarpius, jeigu asmens duomenys bus tvarkomi tik archyvavimo tikslais vie\u0161ojo intereso labui, mokslini\u0173 ar istorini\u0173 tyrim\u0173 tikslais arba statistiniais tikslais, \u012fgyvendinus atitinkamas technines ir organizacines priemones, reikalingas siekiant apsaugoti Duomen\u0173 subjekto teises ir laisves (saugojimo trukm\u0117s apribojimo principas);<\/span><br \/>\n<span style=\"font-size: 12px;\">(f) Siekiama, kad asmens duomenys, atsi\u017evelgiant \u012f Duomen\u0173 valdytojo tvarkom\u0173 asmens duomen\u0173 bendrin\u012f pob\u016bd\u012f, b\u016bt\u0173 tvarkomi tokiu b\u016bdu, kad taikant atitinkamas technines ar organizacines priemones b\u016bt\u0173 u\u017etikrintas tinkamas asmens duomen\u0173 saugumas, \u012fskaitant apsaug\u0105 nuo asmens duomen\u0173 tvarkymo be leidimo arba neteis\u0117to asmens duomen\u0173 tvarkymo ir nuo nety\u010dinio praradimo, sunaikinimo ar sugadinimo (vientisumo ir konfidencialumo principas);<\/span><br \/>\n<span style=\"font-size: 12px;\">(g) Duomen\u0173 valdytojas yra atsakingas u\u017e tai, kad b\u016bt\u0173 laikomasi auk\u0161\u010diau nurodyt\u0173 princip\u0173, ir turi sugeb\u0117ti \u012frodyti, kad j\u0173 yra laikomasi (atskaitomyb\u0117s principas).<\/span><br \/>\n<span style=\"font-size: 12px;\">1.4. Naudojantis tre\u010di\u0173j\u0173 \u0161ali\u0173 paslaugomis, pavyzd\u017eiui, lankantis Duomen\u0173 valdytojo paskyroje \u201eFacebook\u201c socialiniame tinkle, gali b\u016bti taikomos tre\u010di\u0173j\u0173 \u0161ali\u0173 s\u0105lygos. Pavyzd\u017eiui, \u201eFacebook\u201c visiems savo naudotojams ir lankytojams taiko Duomen\u0173 politik\u0105. Tod\u0117l naudojantis toki\u0173 tre\u010di\u0173j\u0173 \u0161ali\u0173 paslaugomis rekomenduojama susipa\u017einti su j\u0173 taikomomis s\u0105lygomis.<\/span><br \/>\n<span style=\"font-size: 12px;\">1.5. \u0160i Politika sudaryta vadovaujantis Europos Parlamento ir Tarybos reglamentu (ES) 2016\/679 d\u0117l fizini\u0173 asmen\u0173 apsaugos tvarkant asmens duomenis ir d\u0117l laisvo toki\u0173 duomen\u0173 jud\u0117jimo ir kuriuo panaikinama Direktyva 95\/46\/EB (toliau &#8211; BDAR), Lietuvos Respublikos asmens duomen\u0173 teisin\u0117s apsaugos \u012fstatymu (toliau \u2013 ADTA\u012e), kitais Europos S\u0105jungos ir Lietuvos Respublikos teis\u0117s aktais. Politikoje vartojamos s\u0105vokos suprantamos taip, kai jos yra apibr\u0117\u017etos BDAR ir ADTA\u012e.<\/span><\/p>\n<p style=\"text-align: left;\"><span style=\"font-size: 12px;\"><strong>2. ASMENS DUOMEN\u0172 RINKIMAS, TVARKYMAS, SAUGOJIMAS<\/strong><\/span><\/p>\n<p style=\"text-align: left;\"><span style=\"font-size: 12px;\">2.1. Pateikdamas savo asmens duomenis, Duomen\u0173 subjektas sutinka ir neprie\u0161tarauja, kad Duomen\u0173 valdytojas juos valdyt\u0173 ir tvarkyt\u0173 \u0161ioje Politikoje bei teis\u0117s aktuose numatytais tikslais, priemon\u0117mis ir tvarka.<\/span><br \/>\n<span style=\"font-size: 12px;\">2.2. Jei Duomen\u0173 subjektas nesutinka su \u0161ia Politika ir joje apra\u0161ytu asmens duomen\u0173 tvarkymu, jis netur\u0117t\u0173 lankytis Interneto svetain\u0117je ir\/ar naudotis Duomen\u0173 valdytojo paslaugomis.<\/span><br \/>\n<span style=\"font-size: 12px;\">2.3. Pateikdamas asmens duomenis, Duomen\u0173 subjektas suteikia Duomen\u0173 valdytojui teis\u0119 rinkti, kaupti, sisteminti, naudoti ir tvarkyti \u0161ioje Politikoje numatytais tikslais visus asmens duomenis, kuriuos \u0161is tiesiogiai ar netiesiogiai pateikiate lankydamasis Interneto svetain\u0117je ir naudodamasis jos paslaugomis.<\/span><br \/>\n<span style=\"font-size: 12px;\">2.4. Duomen\u0173 subjektas yra atsakingas u\u017e tai, kad jo pateikiami duomenys b\u016bt\u0173 tiksl\u016bs, teisingi ir i\u0161sam\u016bs. \u017dinomai neteising\u0173 duomen\u0173 \u012fvedimas yra laikomas Politikos pa\u017eeidimu. Jeigu pasikei\u010dia pateikti duomenys, Duomen\u0173 subjektas privalo nedelsdamas juos i\u0161taisyti, o nesant galimyb\u0117s to padaryti, apie tai informuoti Duomen\u0173 valdytoj\u0105. Duomen\u0173 valdytojas jokiu atveju nebus atsakingas u\u017e \u017eal\u0105, atsiradusi\u0105 Duomen\u0173 subjektui ir (ar) tretiesiems asmenims d\u0117l to, jog Duomen\u0173 subjektas nurod\u0117 neteisingus ir (ar) nei\u0161samius asmens duomenis arba nesikreip\u0117 d\u0117l duomen\u0173 papildymo ir (ar) pakeitimo jiems pasikeitus.<\/span><\/p>\n<p style=\"text-align: left;\"><span style=\"font-size: 12px;\"><strong>3. ASMENS DUOMEN\u0172 TVARKYMAS TIESIOGIN\u0116S RINKODAROS TIKSLU<br \/>\n<\/strong><\/span><br \/>\n<span style=\"font-size: 12px;\">3.1. Duomen\u0173 valdytojas tiesiogin\u0117s rinkodaros tikslu automatiniu b\u016bdu tvarko tokius sutikim\u0105 davusi\u0173 Duomen\u0173 subjekt\u0173 asmens duomenis:<\/span><br \/>\n<span style=\"font-size: 12px;\">(a) El. pa\u0161to adresas.<\/span><br \/>\n<span style=\"font-size: 12px;\">3.2. Duomenys gaunami tiesiogiai i\u0161 Duomen\u0173 subjekto ir n\u0117ra perduodami tretiesiems asmenims.<\/span><br \/>\n<span style=\"font-size: 12px;\">3.3. Teisinis asmens duomen\u0173 tvarkymo pagrindas yra BDAR 6 str. 1 dalies a) punktas (tvarkymas gavus Duomen\u0173 subjekto sutikim\u0105).<\/span><br \/>\n<span style=\"font-size: 12px;\">3.4. Kai Duomen\u0173 subjektas yra vaikas iki 16 met\u0173, jo asmens duomenys gali b\u016bti tvarkomi tik vieno i\u0161 t\u0117v\u0173 ar glob\u0117j\u0173 sutikimu.<\/span><br \/>\n<span style=\"font-size: 12px;\">3.5. Siekdamas u\u017etikrinti, kad Duomen\u0173 subjektas yra vyresnis nei 16 met\u0173 arba prie\u0161ingu atveju yra gautas vieno i\u0161 t\u0117v\u0173 ar glob\u0117j\u0173 sutikimas, Duomen\u0173 valdytojas prie\u0161 tvarkydamas asmens duomenis Duomen\u0173 subjektams pateikia form\u0105, kurioje Duomen\u0173 subjektai aktyviais veiksmais turi patvirtinti savo am\u017ei\u0173 arba tai, kad yra gautas vieno i\u0161 t\u0117v\u0173 ar glob\u0117j\u0173 sutikimas.<\/span><br \/>\n<span style=\"font-size: 12px;\">3.6. Atsi\u017evelgiant \u012f tai, kad vaikams iki 16 met\u0173 turi b\u016bti u\u017etikrinta ypatinga j\u0173 interes\u0173 apsauga, informacija ir prane\u0161imai, kai asmens duomen\u0173 tvarkymas orientuotas \u012f vaik\u0105, tur\u0117t\u0173 b\u016bti suformuluoti vaikui lengvai suprantama ai\u0161kia ir paprasta kalba.<\/span><br \/>\n<span style=\"font-size: 12px;\">3.7. Duomen\u0173 valdytojas u\u017etikrina, kad tuo atveju, kai Duomen\u0173 subjektas yra vaikas, jo asmens duomen\u0173 at\u017evilgiu nebus atliekami profiliavimo veiksmai.<\/span><br \/>\n<span style=\"font-size: 12px;\">3.8. Tvarkant Duomen\u0173 subjekto asmens duomenis, kai Duomen\u0173 subjektas yra vaikas, teis\u0117to Duomen\u0173 valdytojo ar tre\u010diojo asmens intereso pagrindu, Duomen\u0173 valdytojas privalo \u012fvertinti vaiko interes\u0173, jo pagrindini\u0173 teisi\u0173 ir laisvi\u0173 vir\u0161enyb\u0119, bei asmens duomenis \u0161iuo pagrindu tvarkyti tik i\u0161imtiniais atvejais, kai atitinkamas Duomen\u0173 valdytojo interesas yra akivaizd\u017eiai vir\u0161esnis u\u017e vaiko interesus, jo pagrindines teises ir laisves.<\/span><\/p>\n<p style=\"text-align: left;\"><span style=\"font-size: 12px;\"><strong>4. ASMENS DUOMEN\u0172 SAUGOJIMO TVARKA IR TERMINAI<\/strong><\/span><\/p>\n<p style=\"text-align: left;\"><span style=\"font-size: 12px;\">4.1. Tvarkydamas ir saugodamas Duomen\u0173 subjekt\u0173 asmens duomenis, Duomen\u0173 valdytojas \u012fgyvendina organizacines ir technines priemones, kurios u\u017etikrins asmens duomen\u0173 apsaug\u0105 nuo atsitiktinio ar neteis\u0117to sunaikinimo, pakeitimo, atskleidimo, taip pat nuo bet kokio kito neteis\u0117to tvarkymo.<\/span><br \/>\n<span style=\"font-size: 12px;\">4.2. Duomen\u0173 valdytojas taiko \u0161iuos asmens duomen\u0173 saugojimo terminus:<\/span><\/p>\n<table style=\"height: 59px; width: 680px; background-color: #dedede;\">\n<tbody>\n<tr style=\"background-color: #d1cfcf; border-color: #000000;\">\n<td style=\"width: 230px; text-align: left;\"><span style=\"font-size: 12px;\"><strong>Asmens\u00a0duomen\u0173 tvarkymo tikslas<\/strong><\/span><\/td>\n<td style=\"width: 440px; text-align: left;\"><span style=\"font-size: 12px;\"><strong>Saugojimo terminas<\/strong><\/span><\/td>\n<\/tr>\n<tr>\n<td style=\"width: 230px; text-align: left;\"><span style=\"font-size: 12px;\">Tiesiogin\u0117s rinkodaros vykdymas<\/span><\/td>\n<td style=\"width: 440px; text-align: left;\"><span style=\"font-size: 12px;\">3 metus nuo paskutinio kontakto su Duomen\u0173 subjektu dienos arba iki kol Duomen\u0173 subjektas at\u0161auks sutikim\u0105 tvarkyti duomenis<\/span><\/td>\n<\/tr>\n<\/tbody>\n<\/table>\n<p style=\"text-align: left;\"><span style=\"font-size: 12px;\">4.3. I\u0161imtys i\u0161 auk\u0161\u010diau nurodyt\u0173 saugojimo termin\u0173 gali b\u016bti nustatomos tiek, kiek tokie nukrypimai nepa\u017eeid\u017eia Duomen\u0173 subjekt\u0173 teisi\u0173, atitinka teisinius reikalavimus, yra tinkamai dokumentuoti ir kiek tai yra pateisinama teis\u0117tu Duomen\u0173 valdytojo ar tre\u010diojo asmens interesu.<\/span><br \/>\n<span style=\"font-size: 12px;\">4.4. Duomenys, reikalingi siekiant pareik\u0161ti, vykdyti arba apginti teisinius reikalavimus saugomi tiek, kiek \u0161ie yra b\u016btini tokiems tikslams pasiekti pagal teismin\u0119, administracin\u0119 arba neteismin\u0119 proced\u016br\u0105.<\/span><\/p>\n<p style=\"text-align: left;\"><strong><span style=\"font-size: 12px;\">5. INFORMACIJA APIE NAUDOJAMUS SLAPUKUS<\/span><\/strong><\/p>\n<p style=\"text-align: left;\"><span style=\"font-size: 12px;\">5.1. Duomen\u0173 valdytojas Interneto svetain\u0117je naudoja slapukus (angl.\u00a0<em>cookies<\/em>) tam, kad gal\u0117t\u0173 atskirti vienus Internetin\u0117s svetain\u0117s naudotojus nuo kit\u0173. Slapuk\u0173 pagalba Duomen\u0173 valdytojas siekia u\u017etikrinti malonesn\u0119 patirt\u012f asmenims, nar\u0161antiems Interneto svetain\u0117je bei tobulinti pa\u010di\u0105 Interneto svetain\u0119.<br \/>\n<\/span><span style=\"font-size: 12px;\">5.2. Slapukai yra ma\u017eos apimties tekstiniai failai, kurie saugomi Asmens nar\u0161ykl\u0117je ar \u012frenginyje (asmeniniame kompiuteryje, mobiliajame telefone ar plan\u0161etiniame kompiuteryje).<br \/>\n<\/span><span style=\"font-size: 12px;\">5.3. Internetin\u0117je svetain\u0117je naudojami \u0161ie \u201eGoogle Analytics\u201c ir kiti slapukai:<\/span><\/p>\n<table style=\"height: 91px; width: 652px;\">\n<tfoot>\n<tr style=\"height: 14px; background-color: #ebe8e8;\">\n<td style=\"width: 79px; height: 14px; text-align: left;\"><span style=\"font-size: 12px;\">Analitinis<\/span><\/td>\n<td style=\"width: 124px; height: 14px; text-align: left;\"><span style=\"font-size: 12px;\">__ga;<\/span><\/p>\n<p><span style=\"font-size: 12px;\">__gid<\/span><\/td>\n<td style=\"width: 257px; height: 14px; text-align: left;\"><span style=\"font-size: 12px;\">Slapukai naudojami Internetin\u0117s svetain\u0117s vartotojams atskirti bei u\u017eklaus\u0173 grei\u010diui padidinti<\/span><\/td>\n<td style=\"width: 107px; height: 14px; text-align: left;\"><span style=\"font-size: 12px;\">https:\/\/saulesmiestas.lt<\/span><\/td>\n<td style=\"width: 99px; height: 14px; text-align: left;\"><span style=\"font-size: 12px;\">Iki 2 met\u0173<\/span><\/td>\n<\/tr>\n<tr style=\"height: 14px; background-color: #ebe8e8;\">\n<td style=\"width: 79px; height: 24px; text-align: left;\"><span style=\"font-size: 12px;\">Veikimo<\/span><\/td>\n<td style=\"width: 124px; height: 24px; text-align: left;\"><span style=\"font-size: 12px;\">qtrans_front_language;<\/span><\/p>\n<p><span style=\"font-size: 12px;\">viewed_cockie_policy<\/span><\/td>\n<td style=\"width: 257px; height: 24px; text-align: left;\"><span style=\"font-size: 12px;\">Saugoti duomenis apie Internetin\u0117s svetain\u0117s vartotojo sutikim\u0105 su slapuk\u0173 politik\u0105 bei valdyti Internetin\u0117s svetain\u0117s kalbos pasirinktis<\/span><\/td>\n<td style=\"width: 107px; height: 24px; text-align: left;\"><span style=\"font-size: 12px;\">https:\/\/saulesmiestas.lt<\/span><\/td>\n<td style=\"width: 99px; height: 24px; text-align: left;\"><span style=\"font-size: 12px;\">Iki 1 met\u0173<\/span><\/td>\n<\/tr>\n<\/tfoot>\n<tbody>\n<tr style=\"height: 48px; background-color: #d1cfcf;\">\n<td style=\"width: 79px; height: 48px; text-align: left;\"><span style=\"font-size: 12px;\"><strong>Tipas<\/strong><\/span><\/td>\n<td style=\"width: 124px; height: 48px; text-align: left;\"><span style=\"font-size: 12px;\"><strong>Slapuko pavadinimas<\/strong><\/span><\/td>\n<td style=\"width: 257px; height: 48px; text-align: left;\"><span style=\"font-size: 12px;\"><strong>Paskirtis<\/strong><\/span><\/td>\n<td style=\"width: 107px; height: 48px; text-align: left;\"><span style=\"font-size: 12px;\"><strong>Domenas<\/strong><\/span><\/td>\n<td style=\"width: 99px; height: 48px; text-align: left;\"><span style=\"font-size: 12px;\"><strong>Galiojimo terminas<\/strong><\/span><\/td>\n<\/tr>\n<\/tbody>\n<\/table>\n<p style=\"text-align: left;\"><span style=\"font-size: 12px;\"><strong>6. DUOMEN\u0172 SUBJEKT\u0172 TEIS\u0116S<\/strong><\/span><\/p>\n<p style=\"text-align: left;\"><span style=\"font-size: 12px;\">6.1. Duomen\u0173 subjektai turi teis\u0119 bet kada, pateik\u0119 pra\u0161ym\u0105 Duomen\u0173 valdytojui, susipa\u017einti su Duomen\u0173 valdytojo tvarkomais asmens duomenimis ir su\u017einoti, kaip jie yra tvarkomi, reikalauti i\u0161taisyti neteisingus, nei\u0161samius, netikslius savo asmens duomenis, reikalauti sustabdyti, i\u0161skyrus saugojim\u0105, savo asmens duomen\u0173 tvarkymo veiksmus, kai duomenys tvarkomi nesilaikant \u012fstatym\u0173 ir \u0161ios Politikos s\u0105lyg\u0173.<br \/>\n<\/span><span style=\"font-size: 12px;\">6.2. Tiek, kiek asmens duomen\u0173 tvarkymas grind\u017eiamas sutikimu, Duomen\u0173 subjektas turi teis\u0119 bet kuriuo metu at\u0161aukti sutikim\u0105 nedarydamas poveikio sutikimu grind\u017eiamo duomen\u0173 tvarkymo iki sutikimo at\u0161aukimo teis\u0117tumui.<br \/>\n<\/span><span style=\"font-size: 12px;\">6.3. Duomen\u0173 subjektas gali pasinaudoti savo turimomis teis\u0117mis pateikdamas ra\u0161ytin\u0117s formos pra\u0161ym\u0105 el. pa\u0161tu info@saulesmiestas.lt ar pa\u0161tu adresu Til\u017e\u0117s g. 109, LT-77159 \u0160iauliai, arba tiesiogiai atvyk\u0119s \u012f Duomen\u0173 valdytojo buvein\u0119.<br \/>\n<\/span><span style=\"font-size: 12px;\">6.4. Neb\u016bdamas patenkintas Duomen\u0173 valdytojo atsakymu ar manydamas, kad \u0161is tvarko jo asmens duomenis nesilaikydamas teisini\u0173 reikalavim\u0173, Duomen\u0173 subjektas gali pateikti skund\u0105 Lietuvos Respublikos Valstybinei duomen\u0173 apsaugos inspekcijai.<\/span><\/p>\n<p style=\"text-align: left;\"><span style=\"font-size: 12px;\"><strong>7. BAIGIAMOSIOS NUOSTATOS<\/strong><\/span><\/p>\n<p style=\"text-align: left;\"><span style=\"font-size: 12px;\">7.1. Su \u0161ia Politika susijusiems teisiniams santykiams taikoma Lietuvos Respublikos teis\u0117.<\/span><br \/>\n<span style=\"font-size: 12px;\">7.2. Duomen\u0173 valdytojas neatsako u\u017e \u017eal\u0105, \u012fskaitant \u017eal\u0105, s\u0105lygot\u0105 naudojimosi Interneto svetaine trikd\u017ei\u0173, u\u017e duomen\u0173 praradim\u0105 ar sugadinim\u0105, atsiradus\u012f d\u0117l paties asmens ar tre\u010di\u0173j\u0173 asmen\u0173, veikian\u010di\u0173 su asmens \u017einia, veiksm\u0173 ar neveikimo, klaid\u0173, s\u0105moningo kenkimo, kitokio netinkamo Interneto svetain\u0117s naudojimo. Duomen\u0173 valdytojas taip pat neatsako u\u017e prisijungimo ir\/ar naudojimosi Interneto svetaine trikd\u017eius ir (ar) j\u0173 s\u0105lygot\u0105 \u017eal\u0105, atsiradusi\u0105 d\u0117l tre\u010di\u0173j\u0173 \u0161ali\u0173, nesusijusi\u0173 su Duomen\u0173 valdytoju ar asmeniu, veiksm\u0173 ar neveikimo, \u012fskaitant elektros, interneto prieigos tiekimo sutrikimus, ir kt.<\/span><br \/>\n<span style=\"font-size: 12px;\">7.3. Duomen\u0173 valdytojas turi teis\u0119 i\u0161 dalies ar visi\u0161kai pakeisti Politik\u0105.<\/span><br \/>\n<span style=\"font-size: 12px;\">7.4. Politikos papildymai ar pakeitimai \u012fsigalioja nuo j\u0173 paskelbimo Interneto svetain\u0117je dienos.<\/span><br \/>\n<span style=\"font-size: 12px;\">7.5. Jei po Politikos papildymo ar pakeitimo asmuo ir toliau naudojasi Interneto svetaine ir\/ar Duomen\u0173 valdytojo teikiamomis paslaugomis, laikoma, kad asmuo neprie\u0161tarauja d\u0117l toki\u0173 papildym\u0173 ir\/ar pakeitim\u0173.<\/span><\/p>\n","protected":false},"excerpt":{"rendered":"<p>We are sorry, but cookie policy and Privacy Policy we have only in Lithuanian language. DUOMEN\u0172 VALDYTOJO SAUL\u0116S MIESTAS, UAB, VEIKIAN\u010cIO ADRESU TIL\u017d\u0116S G. 109, LT-77159 \u0160IAULIAI, \u012eMON\u0116S KODAS 300073193 SVETAIN\u0116S PRIVATUMO POLITIKA PATVIRTINTA Saul\u0117s miestas, UAB generalin\u0117s direktor\u0117s 2018 m. gegu\u017e\u0117s 18 d. \u012fsakymu Nr. BV-11 1. BENDROSIOS NUOSTATOS 1.1. \u0160i privatumo politika (toliau [&hellip;]<\/p>\n","protected":false},"author":1,"featured_media":0,"parent":0,"menu_order":0,"comment_status":"closed","ping_status":"closed","template":"","meta":{"_expiration-date-status":"saved","_expiration-date":0,"_expiration-date-type":"","_expiration-date-categories":[],"_expiration-date-options":[]},"acf":[],"yoast_head":"<!-- This site is optimized with the Yoast SEO plugin v14.9 - https:\/\/yoast.com\/wordpress\/plugins\/seo\/ -->\n<meta name=\"robots\" content=\"index, follow, max-snippet:-1, max-image-preview:large, max-video-preview:-1\" \/>\n<link rel=\"canonical\" href=\"https:\/\/saulesmiestas.lt\/svetaines-privatumo-politika\/?lang=en\" \/>\n<meta property=\"og:locale\" content=\"en_US\" \/>\n<meta property=\"og:type\" content=\"article\" \/>\n<meta property=\"og:title\" content=\"Privacy Policy - Saulesmiestas.lt\" \/>\n<meta property=\"og:description\" content=\"We are sorry, but cookie policy and Privacy Policy we have only in Lithuanian language. DUOMEN\u0172 VALDYTOJO SAUL\u0116S MIESTAS, UAB, VEIKIAN\u010cIO ADRESU TIL\u017d\u0116S G. 109, LT-77159 \u0160IAULIAI, \u012eMON\u0116S KODAS 300073193 SVETAIN\u0116S PRIVATUMO POLITIKA PATVIRTINTA Saul\u0117s miestas, UAB generalin\u0117s direktor\u0117s 2018 m. gegu\u017e\u0117s 18 d. \u012fsakymu Nr. BV-11 1. BENDROSIOS NUOSTATOS 1.1. \u0160i privatumo politika (toliau [&hellip;]\" \/>\n<meta property=\"og:url\" content=\"https:\/\/saulesmiestas.lt\/svetaines-privatumo-politika\/?lang=en\" \/>\n<meta property=\"og:site_name\" content=\"Saulesmiestas.lt\" \/>\n<meta property=\"article:modified_time\" content=\"2020-08-11T12:18:28+00:00\" \/>\n<meta name=\"twitter:card\" content=\"summary_large_image\" \/>\n<script type=\"application\/ld+json\" class=\"yoast-schema-graph\">{\"@context\":\"https:\/\/schema.org\",\"@graph\":[{\"@type\":\"WebSite\",\"@id\":\"https:\/\/saulesmiestas.lt\/en\/#website\",\"url\":\"https:\/\/saulesmiestas.lt\/en\/\",\"name\":\"Saulesmiestas.lt\",\"description\":\"Jaukios kavin\\u0117s ir restoranai m\\u0117gstantiems ger\\u0105 maist\\u0105 ir smagi\\u0105 draugij\\u0105, la\\u017eyb\\u0173 biuras azarti\\u0161kiems, gro\\u017eio paslaugos tobulinantiems savo i\\u0161vaizd\\u0105.\",\"potentialAction\":[{\"@type\":\"SearchAction\",\"target\":\"https:\/\/saulesmiestas.lt\/en\/?s={search_term_string}\",\"query-input\":\"required name=search_term_string\"}],\"inLanguage\":\"en-US\"},{\"@type\":\"WebPage\",\"@id\":\"https:\/\/saulesmiestas.lt\/svetaines-privatumo-politika\/?lang=en#webpage\",\"url\":\"https:\/\/saulesmiestas.lt\/svetaines-privatumo-politika\/?lang=en\",\"name\":\"Privacy Policy - Saulesmiestas.lt\",\"isPartOf\":{\"@id\":\"https:\/\/saulesmiestas.lt\/en\/#website\"},\"datePublished\":\"2020-03-26T19:47:03+00:00\",\"dateModified\":\"2020-08-11T12:18:28+00:00\",\"inLanguage\":\"en-US\",\"potentialAction\":[{\"@type\":\"ReadAction\",\"target\":[\"https:\/\/saulesmiestas.lt\/svetaines-privatumo-politika\/?lang=en\"]}]}]}<\/script>\n<!-- \/ Yoast SEO plugin. -->","_links":{"self":[{"href":"https:\/\/saulesmiestas.lt\/en\/wp-json\/wp\/v2\/pages\/6422"}],"collection":[{"href":"https:\/\/saulesmiestas.lt\/en\/wp-json\/wp\/v2\/pages"}],"about":[{"href":"https:\/\/saulesmiestas.lt\/en\/wp-json\/wp\/v2\/types\/page"}],"author":[{"embeddable":true,"href":"https:\/\/saulesmiestas.lt\/en\/wp-json\/wp\/v2\/users\/1"}],"replies":[{"embeddable":true,"href":"https:\/\/saulesmiestas.lt\/en\/wp-json\/wp\/v2\/comments?post=6422"}],"version-history":[{"count":1,"href":"https:\/\/saulesmiestas.lt\/en\/wp-json\/wp\/v2\/pages\/6422\/revisions"}],"predecessor-version":[{"id":6423,"href":"https:\/\/saulesmiestas.lt\/en\/wp-json\/wp\/v2\/pages\/6422\/revisions\/6423"}],"wp:attachment":[{"href":"https:\/\/saulesmiestas.lt\/en\/wp-json\/wp\/v2\/media?parent=6422"}],"curies":[{"name":"wp","href":"https:\/\/api.w.org\/{rel}","templated":true}]}}